{"id":1262,"date":"2017-03-22T22:48:30","date_gmt":"2017-03-22T21:48:30","guid":{"rendered":"https:\/\/futuradigital.rs\/?page_id=1262"},"modified":"2020-10-12T22:58:14","modified_gmt":"2020-10-12T20:58:14","slug":"ofset-stampa","status":"publish","type":"page","link":"https:\/\/futuradigital.rs\/index.php\/ofset-stampa\/","title":{"rendered":"Ofset \u0161tampa"},"content":{"rendered":"<p><strong>Ofset \u0161tampa<\/strong> je tehnika \u0161tampe gde se boja prenosi sa offsetne plo\u010de na gumeni pla\u0161t, a sa njega na tabak papira.<\/p>\n<p>To je indirektni postupak umno\u017eavanja \u0161tampane forme na papirnu podlogu. Ceo taj postupak zahteva odredjenu pripremu, ta\u010dnije izradu plo\u010da za kolorne fajlove i samim tim postoje fiksni tro\u0161kovi koji isklju\u010duju isplativost malih tiraza, ali i sam postupak produkcije traje bar dva -tri radna dana.<\/p>\n<p>Tehnika ofset \u0161tampe se koristi za \u0161tampu velikih i srednjih tira\u017ea, i idealna je tehnika za sve \u0161tampane forme koje zahtevaju odredjenu preciznost, tehnike dorade prarcijalnim lakom ili ofsetnim lakom, stancovanje u krivolinijskim formama jer za raliku od digitalne \u0161tampe postoji mnogo manja odstupanja u kvalitetu otiska i samoj preciznosti \u0161tampane forme.<\/p>\n<p>Tehnikom ofset \u0161tampe se rade bro\u0161ure, katalozi, flajeri, memorandumi, srednji i ve\u0107i tira\u017ei vizit karti, lifleti, knjige\u2026<\/p>\n<p>Ako Vam je potrebna hitna isporuka \u0161tampe za isti dan u malim i srednjim tira\u017eima, onda je pravo re\u0161enje\u00a0digitalna \u0161tampa na tabak ili digitalna \u0161tampa velikog formata.<\/p>\n<p>Opremljeni smo \u010detvorobojnom ofset B2 ma\u0161inom renomiranog brenda HIDELBERG \u010dime garantujemo kvalitet \u0161tampanog otiska. Ova visoko produktiva ma\u0161ina nam daje mogu\u0107nost da u kratkom vremenskom roku isporu\u010dimo vrlo zahtevne \u0161tampane forme, a posedujemo i sve potrebne doradne ma\u0161ine kao i opremu za plastifikaciju \u010dime smo u mogu\u0107nosti da ponudimo veoma konkurentne i tr\u017ei\u0161ne cene ofsetne \u0161tampe.<\/p>\n<p>Ako Vam je potrebna pomo\u0107 u definisanju posla, specifikacije materijala ili izrada probnih uzoraka (tabaka) u digitalnoj formi pre izrade tira\u017ea, uvek smo spremni da iza\u0111emo u susret i pomognemo u zajedni\u010dkom poslovnom interesu.<\/p>\n<p>Bro\u0161ure, katalozi, koverte, memorandumi, papirne kese, fascikle i ostali reklamni \u0161tampani materijal mo\u017eemo da uradimo razli\u010ditim tehnikama \u0161tampe u zavisnosti od tira\u017ea i specifikacije.<\/p>\n","protected":false},"excerpt":{"rendered":"<p>Ofset \u0161tampa je tehnika \u0161tampe gde se boja prenosi sa offsetne plo\u010de na gumeni pla\u0161t, a sa njega na tabak papira. To je indirektni postupak umno\u017eavanja \u0161tampane forme na papirnu podlogu. Ceo taj postupak zahteva odredjenu pripremu, ta\u010dnije izradu plo\u010da za kolorne fajlove i samim tim postoje fiksni tro\u0161kovi koji&#8230;<\/p>\n","protected":false},"author":1,"featured_media":0,"parent":0,"menu_order":0,"comment_status":"closed","ping_status":"closed","template":"","meta":{"jetpack_post_was_ever_published":false,"footnotes":""},"class_list":["post-1262","page","type-page","status-publish","hentry"],"jetpack_sharing_enabled":true,"jetpack_shortlink":"https:\/\/wp.me\/P8rjJY-km","_links":{"self":[{"href":"https:\/\/futuradigital.rs\/index.php\/wp-json\/wp\/v2\/pages\/1262","targetHints":{"allow":["GET"]}}],"collection":[{"href":"https:\/\/futuradigital.rs\/index.php\/wp-json\/wp\/v2\/pages"}],"about":[{"href":"https:\/\/futuradigital.rs\/index.php\/wp-json\/wp\/v2\/types\/page"}],"author":[{"embeddable":true,"href":"https:\/\/futuradigital.rs\/index.php\/wp-json\/wp\/v2\/users\/1"}],"replies":[{"embeddable":true,"href":"https:\/\/futuradigital.rs\/index.php\/wp-json\/wp\/v2\/comments?post=1262"}],"version-history":[{"count":0,"href":"https:\/\/futuradigital.rs\/index.php\/wp-json\/wp\/v2\/pages\/1262\/revisions"}],"wp:attachment":[{"href":"https:\/\/futuradigital.rs\/index.php\/wp-json\/wp\/v2\/media?parent=1262"}],"curies":[{"name":"wp","href":"https:\/\/api.w.org\/{rel}","templated":true}]}}