{"id":1260,"date":"2017-03-22T22:47:25","date_gmt":"2017-03-22T21:47:25","guid":{"rendered":"https:\/\/futuradigital.rs\/?page_id=1260"},"modified":"2020-10-12T22:58:47","modified_gmt":"2020-10-12T20:58:47","slug":"digitalna-stampa","status":"publish","type":"page","link":"https:\/\/futuradigital.rs\/index.php\/digitalna-stampa\/","title":{"rendered":"Digitalna \u0161tampa"},"content":{"rendered":"<p align=\"left\"><strong>Digitalna \u0161tampa<\/strong> velikog formata predstavlja savremenu tehnologiju \u0161tampe koja ima niz prednosti. Glavne prednosti se ogledaju u brzoj i kvalitetnoj \u0161tampi za koju tira\u017e ili format ne predstavlja prepreku. Mogu\u0107nost izbora velikog broja materijala i visok kvalitet otiska garantuje ma\u0161ina Mimaki JV 33 poslednje generacije koji pored stampe nudi i mogu\u0107nost opti\u010dkog isecanja \u0161tampe u \u017eeljenim oblicima.<\/p>\n<p align=\"left\">Posebno isti\u010demo prednosti digitalne \u0161tampe kod uredjenja sajmskih enterijera, uredjenje izloga, lokala, out door i in door obele\u017eavanja, vizuelne komunikacije, izrade pos materijala, izrade i brendiranje reklamnih polica.<\/p>\n","protected":false},"excerpt":{"rendered":"<p>Digitalna \u0161tampa velikog formata predstavlja savremenu tehnologiju \u0161tampe koja ima niz prednosti. Glavne prednosti se ogledaju u brzoj i kvalitetnoj \u0161tampi za koju tira\u017e ili format ne predstavlja prepreku. Mogu\u0107nost izbora velikog broja materijala i visok kvalitet otiska garantuje ma\u0161ina Mimaki JV 33 poslednje generacije koji pored stampe nudi i&#8230;<\/p>\n","protected":false},"author":1,"featured_media":0,"parent":0,"menu_order":0,"comment_status":"closed","ping_status":"closed","template":"","meta":{"footnotes":""},"class_list":["post-1260","page","type-page","status-publish","hentry"],"jetpack_sharing_enabled":true,"jetpack_shortlink":"https:\/\/wp.me\/P8rjJY-kk","_links":{"self":[{"href":"https:\/\/futuradigital.rs\/index.php\/wp-json\/wp\/v2\/pages\/1260","targetHints":{"allow":["GET"]}}],"collection":[{"href":"https:\/\/futuradigital.rs\/index.php\/wp-json\/wp\/v2\/pages"}],"about":[{"href":"https:\/\/futuradigital.rs\/index.php\/wp-json\/wp\/v2\/types\/page"}],"author":[{"embeddable":true,"href":"https:\/\/futuradigital.rs\/index.php\/wp-json\/wp\/v2\/users\/1"}],"replies":[{"embeddable":true,"href":"https:\/\/futuradigital.rs\/index.php\/wp-json\/wp\/v2\/comments?post=1260"}],"version-history":[{"count":0,"href":"https:\/\/futuradigital.rs\/index.php\/wp-json\/wp\/v2\/pages\/1260\/revisions"}],"wp:attachment":[{"href":"https:\/\/futuradigital.rs\/index.php\/wp-json\/wp\/v2\/media?parent=1260"}],"curies":[{"name":"wp","href":"https:\/\/api.w.org\/{rel}","templated":true}]}}